{"id":1457,"date":"2021-05-09T00:24:39","date_gmt":"2021-05-09T00:24:39","guid":{"rendered":"https:\/\/integrasolutionti.com\/molinos\/?page_id=1457"},"modified":"2021-05-12T19:51:16","modified_gmt":"2021-05-12T19:51:16","slug":"productos-toluca","status":"publish","type":"page","link":"https:\/\/integrasolutionti.com\/molinos\/productos-toluca\/","title":{"rendered":"Productos Toluca"},"content":{"rendered":"\t\t<div data-elementor-type=\"wp-page\" data-elementor-id=\"1457\" class=\"elementor elementor-1457\">\n\t\t\t\t\t\t<section class=\"elementor-section elementor-top-section elementor-element elementor-element-8c5629a elementor-section-full_width elementor-section-stretched elementor-section-height-default elementor-section-height-default\" data-id=\"8c5629a\" data-element_type=\"section\" data-e-type=\"section\" data-settings=\"{&quot;stretch_section&quot;:&quot;section-stretched&quot;,&quot;background_background&quot;:&quot;classic&quot;}\">\n\t\t\t\t\t\t<div class=\"elementor-container elementor-column-gap-default\">\n\t\t\t\t\t<div class=\"elementor-column elementor-col-100 elementor-top-column elementor-element elementor-element-e4f33dd\" data-id=\"e4f33dd\" data-element_type=\"column\" data-e-type=\"column\">\n\t\t\t<div class=\"elementor-widget-wrap elementor-element-populated\">\n\t\t\t\t\t\t<div class=\"elementor-element elementor-element-170fd0f elementor-widget elementor-widget-spacer\" data-id=\"170fd0f\" data-element_type=\"widget\" data-e-type=\"widget\" data-widget_type=\"spacer.default\">\n\t\t\t\t<div class=\"elementor-widget-container\">\n\t\t\t\t\t\t\t<div class=\"elementor-spacer\">\n\t\t\t<div class=\"elementor-spacer-inner\"><\/div>\n\t\t<\/div>\n\t\t\t\t\t\t<\/div>\n\t\t\t\t<\/div>\n\t\t\t\t\t<\/div>\n\t\t<\/div>\n\t\t\t\t\t<\/div>\n\t\t<\/section>\n\t\t\t\t<section class=\"elementor-section elementor-top-section elementor-element elementor-element-3611f64 elementor-section-full_width elementor-section-stretched elementor-section-height-default elementor-section-height-default\" data-id=\"3611f64\" data-element_type=\"section\" data-e-type=\"section\" data-settings=\"{&quot;stretch_section&quot;:&quot;section-stretched&quot;,&quot;background_background&quot;:&quot;classic&quot;}\">\n\t\t\t\t\t\t<div class=\"elementor-container elementor-column-gap-default\">\n\t\t\t\t\t<div class=\"elementor-column elementor-col-100 elementor-top-column elementor-element elementor-element-13a06b8\" data-id=\"13a06b8\" data-element_type=\"column\" data-e-type=\"column\">\n\t\t\t<div class=\"elementor-widget-wrap elementor-element-populated\">\n\t\t\t\t\t\t<div class=\"elementor-element elementor-element-551338e elementor-tabs-view-vertical elementor-widget elementor-widget-tabs\" data-id=\"551338e\" data-element_type=\"widget\" data-e-type=\"widget\" data-widget_type=\"tabs.default\">\n\t\t\t\t<div class=\"elementor-widget-container\">\n\t\t\t\t\t\t\t<div class=\"elementor-tabs\">\n\t\t\t<div class=\"elementor-tabs-wrapper\" role=\"tablist\" >\n\t\t\t\t\t\t\t\t\t<div id=\"elementor-tab-title-8921\" class=\"elementor-tab-title elementor-tab-desktop-title\" aria-selected=\"true\" data-tab=\"1\" role=\"tab\" tabindex=\"0\" aria-controls=\"elementor-tab-content-8921\" aria-expanded=\"false\">S\u00e9mola<\/div>\n\t\t\t\t\t\t\t\t\t<div id=\"elementor-tab-title-8922\" class=\"elementor-tab-title elementor-tab-desktop-title\" aria-selected=\"false\" data-tab=\"2\" role=\"tab\" tabindex=\"-1\" aria-controls=\"elementor-tab-content-8922\" aria-expanded=\"false\">Harina de Alta Extracci\u00f3n<\/div>\n\t\t\t\t\t\t\t\t\t<div id=\"elementor-tab-title-8923\" class=\"elementor-tab-title elementor-tab-desktop-title\" aria-selected=\"false\" data-tab=\"3\" role=\"tab\" tabindex=\"-1\" aria-controls=\"elementor-tab-content-8923\" aria-expanded=\"false\">Salvadillo<\/div>\n\t\t\t\t\t\t\t\t\t<div id=\"elementor-tab-title-8924\" class=\"elementor-tab-title elementor-tab-desktop-title\" aria-selected=\"false\" data-tab=\"4\" role=\"tab\" tabindex=\"-1\" aria-controls=\"elementor-tab-content-8924\" aria-expanded=\"false\">Harina de Arroz<\/div>\n\t\t\t\t\t\t\t<\/div>\n\t\t\t<div class=\"elementor-tabs-content-wrapper\" role=\"tablist\" aria-orientation=\"vertical\">\n\t\t\t\t\t\t\t\t\t<div class=\"elementor-tab-title elementor-tab-mobile-title\" aria-selected=\"true\" data-tab=\"1\" role=\"tab\" tabindex=\"0\" aria-controls=\"elementor-tab-content-8921\" aria-expanded=\"false\">S\u00e9mola<\/div>\n\t\t\t\t\t<div id=\"elementor-tab-content-8921\" class=\"elementor-tab-content elementor-clearfix\" data-tab=\"1\" role=\"tabpanel\" aria-labelledby=\"elementor-tab-title-8921\" tabindex=\"0\" hidden=\"false\"><h4 style=\"text-align: justify;\"><span style=\"color: #000000;\">Producto de color amarillo derivado de la molienda de trigo cristalino o durum (<em>Triticum durum<\/em>), sano, libre de tegumentos y germen. Libre de olores y materia extra\u00f1a (plaga, metal, pl\u00e1stico, madera y vidrio) y materiales no inherentes. Adicionada con la premezcla vitam\u00ednica y elaborado bajo Buenas Pr\u00e1cticas de Manufactura y en conformidad con los est\u00e1ndares de la FDA y de la Norma La Moderna para la seguridad de los alimentos.<\/span><\/h4>\n<img decoding=\"async\" class=\"alignnone size-medium wp-image-1490 alignleft\" src=\"https:\/\/integrasolutionti.com\/molinos\/wp-content\/uploads\/2021\/05\/semola-25-1-300x251.png\"  onmouseover=\"this.width=300;this.height=300;\" onmouseout=\"this.width=100;this.height=80;\" width=\"100\" height=\"80\"  \/> <img decoding=\"async\" class=\"alignnone size-medium wp-image-1491 alignleft\" src=\"https:\/\/integrasolutionti.com\/molinos\/wp-content\/uploads\/2021\/05\/semola-44-1-300x251.png\"  onmouseover=\"this.width=300;this.height=300;\" onmouseout=\"this.width=100;this.height=80;\" width=\"100\" height=\"80\"  \/>\n<h4><span style=\"color: #000000;\">PRESENTACI\u00d3N: En bultos de 44 Kg y a granel, en pipas de 28 toneladas*.<\/span><\/h4>\n<h4><span style=\"color: #000000;\">*Capacidad promedio de las pipas<\/span><\/h4><\/div>\n\t\t\t\t\t\t\t\t\t<div class=\"elementor-tab-title elementor-tab-mobile-title\" aria-selected=\"false\" data-tab=\"2\" role=\"tab\" tabindex=\"-1\" aria-controls=\"elementor-tab-content-8922\" aria-expanded=\"false\">Harina de Alta Extracci\u00f3n<\/div>\n\t\t\t\t\t<div id=\"elementor-tab-content-8922\" class=\"elementor-tab-content elementor-clearfix\" data-tab=\"2\" role=\"tabpanel\" aria-labelledby=\"elementor-tab-title-8922\" tabindex=\"0\" hidden=\"hidden\"><h4 style=\"text-align: justify;\"><span style=\"color: #000000;\">Subproducto de la molienda de trigo cristalino durum de color beige claro, libre de olor y materia extra\u00f1a (plaga, metal, pl\u00e1stico, vidrio y madera) y materiales no inherentes. Elaborado bajo Buenas Pr\u00e1cticas de Manufactura y en conformidad con los est\u00e1ndares de la FDA y de la Norma La Moderna para la seguridad de los alimentos.\u00a0\u00a0\u00a0\u00a0\u00a0\u00a0\u00a0\u00a0<\/span><\/h4>\n<h4><span style=\"color: #000000; font-size: 16px;\"><img decoding=\"async\" class=\"size-medium wp-image-1493 aligncenter\" src=\"https:\/\/integrasolutionti.com\/molinos\/wp-content\/uploads\/2021\/05\/HARINA-44-1-300x251.png\"  onmouseover=\"this.width=300;this.height=300;\" onmouseout=\"this.width=100;this.height=80;\" width=\"100\" height=\"80\"  \/><span style=\"font-size: 16px;\">PRESENTACI\u00d3N: En bultos de 44 Kg y a granel en pipas de 28 toneladas*.<\/span><\/span><\/h4>\n<h4 style=\"text-align: justify;\"><span style=\"color: #000000;\">* Capacidad promedio de las pipas.<\/span><\/h4><\/div>\n\t\t\t\t\t\t\t\t\t<div class=\"elementor-tab-title elementor-tab-mobile-title\" aria-selected=\"false\" data-tab=\"3\" role=\"tab\" tabindex=\"-1\" aria-controls=\"elementor-tab-content-8923\" aria-expanded=\"false\">Salvadillo<\/div>\n\t\t\t\t\t<div id=\"elementor-tab-content-8923\" class=\"elementor-tab-content elementor-clearfix\" data-tab=\"3\" role=\"tabpanel\" aria-labelledby=\"elementor-tab-title-8923\" tabindex=\"0\" hidden=\"hidden\"><h4 style=\"text-align: justify;\"><span style=\"color: #000000;\">Mezcla de subproductos de la molienda de trigo cristalino durum, mezcla fibrosa de color caf\u00e9, libre de olor a rancidez.<\/span><\/h4>\n<img loading=\"lazy\" decoding=\"async\" class=\"size-medium wp-image-1148 aligncenter\" src=\"https:\/\/integrasolutionti.com\/molinos\/wp-content\/uploads\/2021\/04\/DSC_0160-1-300x203.jpg\"  onmouseover=\"this.width=300;this.height=300;\" onmouseout=\"this.width=100;this.height=80;\" width=\"100\" height=\"80\"  \/>\n<h4><span style=\"color: #000000;\">PRESENTACI\u00d3N:\nA granel.<\/span><\/h4><\/div>\n\t\t\t\t\t\t\t\t\t<div class=\"elementor-tab-title elementor-tab-mobile-title\" aria-selected=\"false\" data-tab=\"4\" role=\"tab\" tabindex=\"-1\" aria-controls=\"elementor-tab-content-8924\" aria-expanded=\"false\">Harina de Arroz<\/div>\n\t\t\t\t\t<div id=\"elementor-tab-content-8924\" class=\"elementor-tab-content elementor-clearfix\" data-tab=\"4\" role=\"tabpanel\" aria-labelledby=\"elementor-tab-title-8924\" tabindex=\"0\" hidden=\"hidden\"><h4 style=\"text-align: justify;\">Producto <span style=\"color: #000000;\">obtenido de la separaci\u00f3n, limpieza y posterior molienda de arroz medio grano de la variedad LONG GRAIN. Una vez obtenida la harina es mezclada con un Premix vitam\u00ednico .\n<\/span>Es un producto resultante de la molienda y tamizado de granos enteros o quebrados, sanos, limpios, libres de impurezas, as\u00ed como de material extra\u00f1o.<\/h4>\n<h4 style=\"text-align: justify;\"><span style=\"color: #000000;\">Este producto requiere cocci\u00f3n<\/span> <span style=\"color: #000000;\">previa a su uso.<\/span><\/h4>\n<h4 style=\"text-align: justify;\"><span style=\"color: #000000;\">Este producto por su origen natural NO CONTIENE AL\u00c9RGENOS.<\/span><\/h4>\n&nbsp;\n<h4 style=\"text-align: justify;\"><span style=\"color: #000000;\">Elaborado bajo Buenas Pr\u00e1cticas de Manufactura y en conformidad con los est\u00e1ndares de la FDA y de la Norma La Moderna para la seguridad de los alimentos.<\/span><\/h4>\n<img loading=\"lazy\" decoding=\"async\" class=\"alignnone wp-image-1628\" src=\"https:\/\/integrasolutionti.com\/molinos\/wp-content\/uploads\/2021\/05\/harina-de-arroz-250gr.-300x300.png\"  onmouseover=\"this.width=300;this.height=300;\" onmouseout=\"this.width=100;this.height=80;\" width=\"100\" height=\"80\"  \/> <img loading=\"lazy\" decoding=\"async\" class=\"alignnone wp-image-1629\" src=\"https:\/\/integrasolutionti.com\/molinos\/wp-content\/uploads\/2021\/05\/200g-300x300.png\"  onmouseover=\"this.width=300;this.height=300;\" onmouseout=\"this.width=100;this.height=80;\" width=\"100\" height=\"80\"  \/> <img loading=\"lazy\" decoding=\"async\" class=\"alignnone wp-image-1630\" src=\"https:\/\/integrasolutionti.com\/molinos\/wp-content\/uploads\/2021\/05\/400g-300x300.png\"  onmouseover=\"this.width=300;this.height=300;\" onmouseout=\"this.width=100;this.height=80;\" width=\"100\" height=\"80\" \/> <img loading=\"lazy\" decoding=\"async\" class=\"alignnone wp-image-1631\" src=\"https:\/\/integrasolutionti.com\/molinos\/wp-content\/uploads\/2021\/05\/500g-300x300.png\"  onmouseover=\"this.width=300;this.height=300;\" onmouseout=\"this.width=100;this.height=80;\" width=\"100\" height=\"80\" \/><img loading=\"lazy\" decoding=\"async\" class=\"alignnone wp-image-1500\" src=\"https:\/\/integrasolutionti.com\/molinos\/wp-content\/uploads\/2021\/05\/ARROZ-44-300x251.png\"  onmouseover=\"this.width=300;this.height=300;\" onmouseout=\"this.width=100;this.height=80;\" width=\"100\" height=\"80\"  \/>\n<h5><strong><span style=\"color: #000000;\">PRESENTACI\u00d3N:<\/span><\/strong><\/h5>\n<h5><strong><span style=\"color: #000000;\">Cajilla de 200g: Cada corrugado contiene 36 cajillas.<\/span><\/strong>\n<strong><span style=\"color: #000000;\">Cajilla de 250g: Cada corrugado contiene 18 cajillas.<\/span><\/strong>\n<strong><span style=\"color: #000000;\">Cajilla de 400g: Cada corrugado contiene 18 cajillas.<\/span><\/strong>\n<strong><span style=\"color: #000000;\">Cajilla de 500g: Cada corrugado contiene 12 cajillas.<\/span><\/strong>\n<strong><span style=\"color: #000000;\">En bultos de 44 Kg.<\/span><\/strong><\/h5><\/div>\n\t\t\t\t\t\t\t<\/div>\n\t\t<\/div>\n\t\t\t\t\t\t<\/div>\n\t\t\t\t<\/div>\n\t\t\t\t\t<\/div>\n\t\t<\/div>\n\t\t\t\t\t<\/div>\n\t\t<\/section>\n\t\t\t\t<section class=\"elementor-section elementor-top-section elementor-element elementor-element-7a571f7 elementor-section-full_width elementor-section-stretched elementor-section-height-default elementor-section-height-default\" data-id=\"7a571f7\" data-element_type=\"section\" data-e-type=\"section\" data-settings=\"{&quot;stretch_section&quot;:&quot;section-stretched&quot;,&quot;background_background&quot;:&quot;classic&quot;}\">\n\t\t\t\t\t\t<div class=\"elementor-container elementor-column-gap-default\">\n\t\t\t\t\t<div class=\"elementor-column elementor-col-100 elementor-top-column elementor-element elementor-element-cd0110c\" data-id=\"cd0110c\" data-element_type=\"column\" data-e-type=\"column\">\n\t\t\t<div class=\"elementor-widget-wrap elementor-element-populated\">\n\t\t\t\t\t\t<div class=\"elementor-element elementor-element-7c360b9 elementor-widget elementor-widget-spacer\" data-id=\"7c360b9\" data-element_type=\"widget\" data-e-type=\"widget\" data-widget_type=\"spacer.default\">\n\t\t\t\t<div class=\"elementor-widget-container\">\n\t\t\t\t\t\t\t<div class=\"elementor-spacer\">\n\t\t\t<div class=\"elementor-spacer-inner\"><\/div>\n\t\t<\/div>\n\t\t\t\t\t\t<\/div>\n\t\t\t\t<\/div>\n\t\t\t\t\t<\/div>\n\t\t<\/div>\n\t\t\t\t\t<\/div>\n\t\t<\/section>\n\t\t\t\t<\/div>\n\t\t","protected":false},"excerpt":{"rendered":"<p>S\u00e9mola Harina de Alta Extracci\u00f3n Salvadillo Harina de Arroz S\u00e9mola Producto de color amarillo derivado de la molienda de trigo cristalino o durum (Triticum durum), sano, libre de tegumentos y germen. Libre de olores y materia extra\u00f1a (plaga, metal, pl\u00e1stico, madera y vidrio) y materiales no inherentes. Adicionada con la premezcla vitam\u00ednica y elaborado bajo &hellip;<\/p>\n<p class=\"read-more\"> <a class=\"\" href=\"https:\/\/integrasolutionti.com\/molinos\/productos-toluca\/\"> <span class=\"screen-reader-text\">Productos Toluca<\/span> Leer m\u00e1s &raquo;<\/a><\/p>\n","protected":false},"author":1,"featured_media":0,"parent":0,"menu_order":0,"comment_status":"closed","ping_status":"closed","template":"elementor_header_footer","meta":{"footnotes":""},"class_list":["post-1457","page","type-page","status-publish","hentry"],"_links":{"self":[{"href":"https:\/\/integrasolutionti.com\/molinos\/wp-json\/wp\/v2\/pages\/1457","targetHints":{"allow":["GET"]}}],"collection":[{"href":"https:\/\/integrasolutionti.com\/molinos\/wp-json\/wp\/v2\/pages"}],"about":[{"href":"https:\/\/integrasolutionti.com\/molinos\/wp-json\/wp\/v2\/types\/page"}],"author":[{"embeddable":true,"href":"https:\/\/integrasolutionti.com\/molinos\/wp-json\/wp\/v2\/users\/1"}],"replies":[{"embeddable":true,"href":"https:\/\/integrasolutionti.com\/molinos\/wp-json\/wp\/v2\/comments?post=1457"}],"version-history":[{"count":58,"href":"https:\/\/integrasolutionti.com\/molinos\/wp-json\/wp\/v2\/pages\/1457\/revisions"}],"predecessor-version":[{"id":1697,"href":"https:\/\/integrasolutionti.com\/molinos\/wp-json\/wp\/v2\/pages\/1457\/revisions\/1697"}],"wp:attachment":[{"href":"https:\/\/integrasolutionti.com\/molinos\/wp-json\/wp\/v2\/media?parent=1457"}],"curies":[{"name":"wp","href":"https:\/\/api.w.org\/{rel}","templated":true}]}}